{"id":31937,"date":"2026-02-05T08:49:44","date_gmt":"2026-02-05T08:49:44","guid":{"rendered":"https:\/\/pooltech.az\/?post_type=product&#038;p=31937"},"modified":"2026-02-05T13:29:19","modified_gmt":"2026-02-05T13:29:19","slug":"cokturucu","status":"publish","type":"product","link":"https:\/\/pooltech.az\/az\/product\/cokturucu\/","title":{"rendered":"\u00c7\u00f6kt\u00fcr\u00fcc\u00fc maye"},"content":{"rendered":"","protected":false},"excerpt":{"rendered":"","protected":false},"featured_media":31938,"comment_status":"closed","ping_status":"closed","template":"","meta":[],"product_brand":[224],"product_cat":[225],"product_tag":[],"class_list":{"0":"post-31937","1":"product","2":"type-product","3":"status-publish","4":"has-post-thumbnail","6":"product_brand-pooltech","7":"product_cat-kimyvi-mhsullar","9":"first","10":"instock","11":"shipping-taxable","12":"product-type-simple"},"_links":{"self":[{"href":"https:\/\/pooltech.az\/az\/wp-json\/wp\/v2\/product\/31937","targetHints":{"allow":["GET"]}}],"collection":[{"href":"https:\/\/pooltech.az\/az\/wp-json\/wp\/v2\/product"}],"about":[{"href":"https:\/\/pooltech.az\/az\/wp-json\/wp\/v2\/types\/product"}],"replies":[{"embeddable":true,"href":"https:\/\/pooltech.az\/az\/wp-json\/wp\/v2\/comments?post=31937"}],"version-history":[{"count":1,"href":"https:\/\/pooltech.az\/az\/wp-json\/wp\/v2\/product\/31937\/revisions"}],"predecessor-version":[{"id":31939,"href":"https:\/\/pooltech.az\/az\/wp-json\/wp\/v2\/product\/31937\/revisions\/31939"}],"wp:featuredmedia":[{"embeddable":true,"href":"https:\/\/pooltech.az\/az\/wp-json\/wp\/v2\/media\/31938"}],"wp:attachment":[{"href":"https:\/\/pooltech.az\/az\/wp-json\/wp\/v2\/media?parent=31937"}],"wp:term":[{"taxonomy":"product_brand","embeddable":true,"href":"https:\/\/pooltech.az\/az\/wp-json\/wp\/v2\/product_brand?post=31937"},{"taxonomy":"product_cat","embeddable":true,"href":"https:\/\/pooltech.az\/az\/wp-json\/wp\/v2\/product_cat?post=31937"},{"taxonomy":"product_tag","embeddable":true,"href":"https:\/\/pooltech.az\/az\/wp-json\/wp\/v2\/product_tag?post=31937"}],"curies":[{"name":"wp","href":"https:\/\/api.w.org\/{rel}","templated":true}]}}