{"id":31929,"date":"2026-02-05T06:08:21","date_gmt":"2026-02-05T06:08:21","guid":{"rendered":"https:\/\/pooltech.az\/?post_type=product&#038;p=31929"},"modified":"2026-02-05T08:30:08","modified_gmt":"2026-02-05T08:30:08","slug":"tozph","status":"publish","type":"product","link":"https:\/\/pooltech.az\/az\/product\/tozph\/","title":{"rendered":"Toz PH d\u00fc\u015f\u00fcr\u00fcc\u00fc"},"content":{"rendered":"","protected":false},"excerpt":{"rendered":"<p>PH d\u00fc\u015f\u00fcr\u00fcc\u00fc d\u0259rmanlar, hovuz suyunun pH s\u0259viyy\u0259sini azaltma\u011fa k\u00f6m\u0259k edir. Hovuz suyunun optimal pH s\u0259viyy\u0259si 7.2-7.6 aras\u0131nda olmal\u0131d\u0131r. Y\u00fcks\u0259k pH s\u0259viyy\u0259si, xlorun effektivliyini azald\u0131r v\u0259 suyun keyfiyy\u0259tini pisl\u0259\u015fdirir. Bu d\u0259rmanlar suya \u0259lav\u0259 edil\u0259r\u0259k pH s\u0259viyy\u0259sini d\u00fczg\u00fcn balansla\u015fd\u0131rma\u011fa k\u00f6m\u0259k edir.<\/p>","protected":false},"featured_media":31930,"comment_status":"closed","ping_status":"closed","template":"","meta":[],"product_brand":[224],"product_cat":[225],"product_tag":[266],"class_list":{"0":"post-31929","1":"product","2":"type-product","3":"status-publish","4":"has-post-thumbnail","6":"product_brand-pooltech","7":"product_cat-kimyvi-mhsullar","8":"product_tag-xlor","10":"first","11":"instock","12":"shipping-taxable","13":"product-type-simple"},"_links":{"self":[{"href":"https:\/\/pooltech.az\/az\/wp-json\/wp\/v2\/product\/31929","targetHints":{"allow":["GET"]}}],"collection":[{"href":"https:\/\/pooltech.az\/az\/wp-json\/wp\/v2\/product"}],"about":[{"href":"https:\/\/pooltech.az\/az\/wp-json\/wp\/v2\/types\/product"}],"replies":[{"embeddable":true,"href":"https:\/\/pooltech.az\/az\/wp-json\/wp\/v2\/comments?post=31929"}],"version-history":[{"count":2,"href":"https:\/\/pooltech.az\/az\/wp-json\/wp\/v2\/product\/31929\/revisions"}],"predecessor-version":[{"id":31932,"href":"https:\/\/pooltech.az\/az\/wp-json\/wp\/v2\/product\/31929\/revisions\/31932"}],"wp:featuredmedia":[{"embeddable":true,"href":"https:\/\/pooltech.az\/az\/wp-json\/wp\/v2\/media\/31930"}],"wp:attachment":[{"href":"https:\/\/pooltech.az\/az\/wp-json\/wp\/v2\/media?parent=31929"}],"wp:term":[{"taxonomy":"product_brand","embeddable":true,"href":"https:\/\/pooltech.az\/az\/wp-json\/wp\/v2\/product_brand?post=31929"},{"taxonomy":"product_cat","embeddable":true,"href":"https:\/\/pooltech.az\/az\/wp-json\/wp\/v2\/product_cat?post=31929"},{"taxonomy":"product_tag","embeddable":true,"href":"https:\/\/pooltech.az\/az\/wp-json\/wp\/v2\/product_tag?post=31929"}],"curies":[{"name":"wp","href":"https:\/\/api.w.org\/{rel}","templated":true}]}}