{"id":17807,"date":"2022-10-21T14:08:11","date_gmt":"2022-10-21T14:08:11","guid":{"rendered":"https:\/\/pooltech.az\/new2\/?page_id=17807"},"modified":"2026-02-02T12:47:51","modified_gmt":"2026-02-02T12:47:51","slug":"about-us","status":"publish","type":"page","link":"https:\/\/pooltech.az\/az\/about-us\/","title":{"rendered":"Haqq\u0131m\u0131zda"},"content":{"rendered":"<div data-elementor-type=\"wp-page\" data-elementor-id=\"17807\" class=\"elementor elementor-17807\">\n\t\t\t\t\t\t<section class=\"elementor-section elementor-top-section elementor-element elementor-element-7aa3aed elementor-section-boxed elementor-section-height-default elementor-section-height-default sc_fly_static\" data-id=\"7aa3aed\" data-element_type=\"section\">\n\t\t\t\t\t\t<div class=\"elementor-container elementor-column-gap-extended\">\n\t\t\t\t\t<div class=\"elementor-column elementor-col-100 elementor-top-column elementor-element elementor-element-0b81572 sc_content_align_inherit sc_layouts_column_icons_position_left sc_fly_static\" data-id=\"0b81572\" data-element_type=\"column\">\n\t\t\t<div class=\"elementor-widget-wrap elementor-element-populated\">\n\t\t\t\t\t\t<div class=\"elementor-element elementor-element-d7e305a sc_height_tiny sc_fly_static elementor-widget elementor-widget-spacer\" data-id=\"d7e305a\" data-element_type=\"widget\" data-widget_type=\"spacer.default\">\n\t\t\t\t<div class=\"elementor-widget-container\">\n\t\t\t\t\t\t\t<div class=\"elementor-spacer\">\n\t\t\t<div class=\"elementor-spacer-inner\"><\/div>\n\t\t<\/div>\n\t\t\t\t\t\t<\/div>\n\t\t\t\t<\/div>\n\t\t\t\t<div class=\"elementor-element elementor-element-44e57f5 sc_fly_static elementor-widget elementor-widget-text-editor\" data-id=\"44e57f5\" data-element_type=\"widget\" data-widget_type=\"text-editor.default\">\n\t\t\t\t<div class=\"elementor-widget-container\">\n\t\t\t\t\t\t\t\t\t<p>2017-ci ild\u0259n f\u0259aliyy\u0259t g\u00f6st\u0259r\u0259n \u201cPooltech\u201d MMC, Az\u0259rbaycanda hovuz v\u0259 SPA m\u00fch\u0259ndisliyi \u00fczr\u0259 ixtisasla\u015fm\u0131\u015f apar\u0131c\u0131 \u015firk\u0259tl\u0259rd\u0259n biridir. Yarand\u0131\u011f\u0131m\u0131z ilk g\u00fcnd\u0259n etibar\u0259n \u0259sas fokusumuzu qlobal m\u00fch\u0259ndislik standartlar\u0131n\u0131n yerli bazarda t\u0259tbiqin\u0259 v\u0259 irimiqyasl\u0131 layih\u0259l\u0259rin y\u00fcks\u0259k texnoloji bazada icras\u0131na y\u00f6n\u0259ltdik. Paytaxt Bak\u0131 il\u0259 yana\u015f\u0131, \u00f6lk\u0259mizin m\u00fcxt\u0259lif regionlar\u0131nda h\u0259yata ke\u00e7irdiyimiz m\u00fcr\u0259kk\u0259b layih\u0259l\u0259r, bu sah\u0259d\u0259ki pe\u015f\u0259karl\u0131\u011f\u0131m\u0131z\u0131n v\u0259 etibar\u0131m\u0131z\u0131n t\u0259m\u0259lini qoymu\u015fdur.<\/p><p>\u015eirk\u0259timiz f\u0259rdi villa layih\u0259l\u0259rind\u0259n <span data-path-to-node=\"7\" data-index-in-node=\"95\">ba\u015flayaraq<\/span>, d\u00f6vl\u0259t \u0259h\u0259miyy\u0259tli obyektl\u0259r\u0259 v\u0259 irimiqyasl\u0131 kommersiya kompleksl\u0259rin\u0259 q\u0259d\u0259r geni\u015f bir sah\u0259d\u0259 xidm\u0259t g\u00f6st\u0259rir. Biz sad\u0259c\u0259 avadanl\u0131q t\u0259minat\u00e7\u0131s\u0131 deyil, h\u0259r bir layih\u0259nin m\u00fch\u0259ndislik d\u0259qiqliyi il\u0259 planla\u015fd\u0131r\u0131lmas\u0131, texniki t\u0259chizat\u0131 v\u0259 icras\u0131 prosesind\u0259 tam m\u0259suliyy\u0259t da\u015f\u0131yan strateji t\u0259r\u0259fda\u015f\u0131q. Bak\u0131 \u0259traf\u0131 q\u0259s\u0259b\u0259l\u0259rd\u0259n \u00f6lk\u0259mizin \u0259n uzaq rayonlar\u0131na q\u0259d\u0259r uzanan layih\u0259 co\u011frafiyam\u0131z, ist\u0259nil\u0259n iqlim v\u0259 infrastruktur \u015f\u0259raitind\u0259 dayan\u0131ql\u0131 h\u0259ll\u0259r t\u0259qdim etm\u0259k bacar\u0131\u011f\u0131m\u0131z\u0131n g\u00f6st\u0259ricisidir.<\/p><p>\u201cPooltech\u201d MMC-nin f\u0259aliyy\u0259tind\u0259 d\u00fcnya bazarlar\u0131nda liderlik ed\u0259n beyn\u0259lxalq istehsal\u00e7\u0131larla qurulan birba\u015fa \u0259laq\u0259l\u0259r m\u00fch\u00fcm rol oynay\u0131r. Biz hovuz s\u0259nayesinin m\u0259rk\u0259zi hesab olunan <span data-path-to-node=\"11\" data-index-in-node=\"180\">Almaniya, \u0130taliya, \u0130spaniya, T\u00fcrkiy\u0259 v\u0259 \u00c7inin<\/span> qabaqc\u0131l brendl\u0259rinin Az\u0259rbaycandak\u0131 r\u0259smi t\u0259msil\u00e7isi v\u0259 ana t\u0259dar\u00fck\u00e7\u00fcs\u00fc olaraq f\u0259aliyy\u0259t g\u00f6st\u0259ririk. Bu geni\u015f co\u011frafi t\u0259r\u0259fda\u015fl\u0131q \u015f\u0259b\u0259k\u0259si biz\u0259, layih\u0259l\u0259rimizd\u0259 h\u0259m y\u00fcks\u0259k m\u00fch\u0259ndislik h\u0259ll\u0259rini, h\u0259m d\u0259 \u0259n m\u00fcasir texnoloji innovasiyalar\u0131 t\u0259tbiq etm\u0259k imkan\u0131 verir.<\/p><p>Bizim \u00fc\u00e7\u00fcn h\u0259r bir layih\u0259 bir m\u00fch\u0259ndislik \u0259s\u0259ridir. Pe\u015f\u0259kar m\u00fct\u0259x\u0259ssis hey\u0259timiz t\u0259r\u0259find\u0259n idar\u0259 olunan prosesl\u0259r, layih\u0259l\u0259rin h\u0259r m\u0259rh\u0259l\u0259sind\u0259 y\u00fcks\u0259k keyfiyy\u0259t standartlar\u0131na cavab verir. Geni\u015f anbar imkanlar\u0131m\u0131z v\u0259 birba\u015fa ana t\u0259dar\u00fck\u00e7\u00fc statusumuz biz\u0259 imkan verir ki, layih\u0259l\u0259rin h\u0259cmind\u0259n as\u0131l\u0131 olmayaraq, ehtiyac duyulan b\u00fct\u00fcn sisteml\u0259rin fasil\u0259siz v\u0259 operativ t\u0259minat\u0131n\u0131 h\u0259yata ke\u00e7ir\u0259k.<\/p><p data-path-to-node=\"10\">Bu g\u00fcn <span data-path-to-node=\"10\" data-index-in-node=\"45\">\u201cPooltech\u201d MMC<\/span> olaraq, qazand\u0131\u011f\u0131m\u0131z \u00e7oxillik t\u0259cr\u00fcb\u0259ni yeni n\u0259sil texnologiyalarla z\u0259nginl\u0259\u015fdirm\u0259y\u0259 davam edirik. M\u0259qs\u0259dimiz \u00f6lk\u0259 daxilind\u0259 m\u00fch\u0259ndislik sah\u0259sind\u0259 \u0259n etibarl\u0131 m\u0259rk\u0259z statusumuzu qorumaq v\u0259 Az\u0259rbaycan\u0131n h\u0259r bir n\u00f6qt\u0259sind\u0259 m\u00fcasir, estetik v\u0259 texnoloji bax\u0131mdan q\u00fcsursuz layih\u0259l\u0259r\u0259 imza atmaqd\u0131r.<\/p>\t\t\t\t\t\t\t\t<\/div>\n\t\t\t\t<\/div>\n\t\t\t\t<div class=\"elementor-element elementor-element-19fef17 sc_height_tiny sc_fly_static elementor-widget elementor-widget-spacer\" data-id=\"19fef17\" data-element_type=\"widget\" data-widget_type=\"spacer.default\">\n\t\t\t\t<div class=\"elementor-widget-container\">\n\t\t\t\t\t\t\t<div class=\"elementor-spacer\">\n\t\t\t<div class=\"elementor-spacer-inner\"><\/div>\n\t\t<\/div>\n\t\t\t\t\t\t<\/div>\n\t\t\t\t<\/div>\n\t\t\t\t\t<\/div>\n\t\t<\/div>\n\t\t\t\t\t<\/div>\n\t\t<\/section>\n\t\t\t\t<section class=\"elementor-section elementor-top-section elementor-element elementor-element-65767fa scheme_default elementor-section-boxed elementor-section-height-default elementor-section-height-default sc_fly_static\" data-id=\"65767fa\" data-element_type=\"section\" data-settings=\"{&quot;background_background&quot;:&quot;classic&quot;}\">\n\t\t\t\t\t\t<div class=\"elementor-container elementor-column-gap-extended\">\n\t\t\t\t\t<div class=\"elementor-column elementor-col-100 elementor-top-column elementor-element elementor-element-cb4e0fa sc_content_align_inherit sc_layouts_column_icons_position_left sc_fly_static\" data-id=\"cb4e0fa\" data-element_type=\"column\">\n\t\t\t<div class=\"elementor-widget-wrap elementor-element-populated\">\n\t\t\t\t\t\t\t<\/div>\n\t\t<\/div>\n\t\t\t\t\t<\/div>\n\t\t<\/section>\n\t\t\t\t<section class=\"elementor-section elementor-top-section elementor-element elementor-element-3bcdb97 scheme_default elementor-section-boxed elementor-section-height-default elementor-section-height-default sc_fly_static\" data-id=\"3bcdb97\" data-element_type=\"section\" data-settings=\"{&quot;background_background&quot;:&quot;classic&quot;}\">\n\t\t\t\t\t\t<div class=\"elementor-container elementor-column-gap-default\">\n\t\t\t\t\t<div class=\"elementor-column elementor-col-100 elementor-top-column elementor-element elementor-element-9ed9691 sc_content_align_inherit sc_layouts_column_icons_position_left sc_fly_static\" data-id=\"9ed9691\" data-element_type=\"column\">\n\t\t\t<div class=\"elementor-widget-wrap elementor-element-populated\">\n\t\t\t\t\t\t<div class=\"elementor-element elementor-element-3024d9e sc_height_tiny sc_fly_static elementor-widget elementor-widget-spacer\" data-id=\"3024d9e\" data-element_type=\"widget\" data-widget_type=\"spacer.default\">\n\t\t\t\t<div class=\"elementor-widget-container\">\n\t\t\t\t\t\t\t<div class=\"elementor-spacer\">\n\t\t\t<div class=\"elementor-spacer-inner\"><\/div>\n\t\t<\/div>\n\t\t\t\t\t\t<\/div>\n\t\t\t\t<\/div>\n\t\t\t\t\t<\/div>\n\t\t<\/div>\n\t\t\t\t\t<\/div>\n\t\t<\/section>\n\t\t\t\t<section class=\"elementor-section elementor-top-section elementor-element elementor-element-5990c95 scheme_default elementor-section-boxed elementor-section-height-default elementor-section-height-default sc_fly_static\" data-id=\"5990c95\" data-element_type=\"section\" data-settings=\"{&quot;background_background&quot;:&quot;classic&quot;}\">\n\t\t\t\t\t\t<div class=\"elementor-container elementor-column-gap-default\">\n\t\t\t\t\t<div class=\"elementor-column elementor-col-50 elementor-top-column elementor-element elementor-element-f486b71 sc_content_align_inherit sc_layouts_column_icons_position_left sc_fly_static\" data-id=\"f486b71\" data-element_type=\"column\">\n\t\t\t<div class=\"elementor-widget-wrap elementor-element-populated\">\n\t\t\t\t\t\t<div class=\"elementor-element elementor-element-052cd55 sc_fly_static elementor-widget elementor-widget-trx_sc_title\" data-id=\"052cd55\" data-element_type=\"widget\" data-widget_type=\"trx_sc_title.default\">\n\t\t\t\t<div class=\"elementor-widget-container\">\n\t\t\t\t\t<div\t\tclass=\"sc_title sc_title_default\" ><span class=\"sc_item_subtitle sc_title_subtitle sc_item_subtitle_above sc_item_title_style_default\">Pooltech<\/span><h1 class=\"sc_item_title sc_title_title sc_item_title_style_default sc_item_title_tag\"\n\t\t\t><span class=\"sc_item_title_text\">Partnyorlar\u0131m\u0131z<\/span><\/h1><\/div>\t\t\t\t<\/div>\n\t\t\t\t<\/div>\n\t\t\t\t<div class=\"elementor-element elementor-element-adba098 sc_height_tiny sc_fly_static elementor-widget elementor-widget-spacer\" data-id=\"adba098\" data-element_type=\"widget\" data-widget_type=\"spacer.default\">\n\t\t\t\t<div class=\"elementor-widget-container\">\n\t\t\t\t\t\t\t<div class=\"elementor-spacer\">\n\t\t\t<div class=\"elementor-spacer-inner\"><\/div>\n\t\t<\/div>\n\t\t\t\t\t\t<\/div>\n\t\t\t\t<\/div>\n\t\t\t\t\t<\/div>\n\t\t<\/div>\n\t\t\t\t<div class=\"elementor-column elementor-col-50 elementor-top-column elementor-element elementor-element-752eef0 sc_content_align_inherit sc_layouts_column_icons_position_left sc_fly_static\" data-id=\"752eef0\" data-element_type=\"column\">\n\t\t\t<div class=\"elementor-widget-wrap\">\n\t\t\t\t\t\t\t<\/div>\n\t\t<\/div>\n\t\t\t\t\t<\/div>\n\t\t<\/section>\n\t\t\t\t<section class=\"elementor-section elementor-top-section elementor-element elementor-element-daca5bb elementor-section-full_width elementor-section-height-default elementor-section-height-default sc_fly_static\" data-id=\"daca5bb\" data-element_type=\"section\">\n\t\t\t\t\t\t<div class=\"elementor-container elementor-column-gap-default\">\n\t\t\t\t\t<div class=\"elementor-column elementor-col-100 elementor-top-column elementor-element elementor-element-619ce13 sc_content_align_inherit sc_layouts_column_icons_position_left sc_fly_static\" data-id=\"619ce13\" data-element_type=\"column\">\n\t\t\t<div class=\"elementor-widget-wrap elementor-element-populated\">\n\t\t\t\t\t\t<div class=\"elementor-element elementor-element-8fa7b86 sc_height_small sc_fly_static elementor-widget elementor-widget-spacer\" data-id=\"8fa7b86\" data-element_type=\"widget\" data-widget_type=\"spacer.default\">\n\t\t\t\t<div class=\"elementor-widget-container\">\n\t\t\t\t\t\t\t<div class=\"elementor-spacer\">\n\t\t\t<div class=\"elementor-spacer-inner\"><\/div>\n\t\t<\/div>\n\t\t\t\t\t\t<\/div>\n\t\t\t\t<\/div>\n\t\t\t\t<div class=\"elementor-element elementor-element-84a9fed alter_clients sc_fly_static elementor-widget elementor-widget-trx_widget_slider\" data-id=\"84a9fed\" data-element_type=\"widget\" data-widget_type=\"trx_widget_slider.default\">\n\t\t\t\t<div class=\"elementor-widget-container\">\n\t\t\t\t\t<div class=\"widget_area sc_widget_slider\"><aside class=\"widget widget_slider\">\t\t\t<div class=\"slider_wrap slider_engine_swiper\">\n\t\t\t\t<div class=\"slider_outer slider_swiper_outer slider_style_default slider_source_custom slider_outer_direction_horizontal slider_outer_multi slider_outer_nopagination slider_outer_nocontrols slider_outer_nocentered slider_outer_overflow_hidden slider_outer_notitles slider_outer_height_fixed\" style=\"height:109px;\"><div class=\"slider_container slider_swiper swiper-slider-container slider_direction_horizontal slider_nopagination slider_multi slider_type_images slider_nocontrols slider_nocentered slider_overflow_hidden slider_notitles slider_noresize slider_swipe slider_height_fixed\" style=\"height: 100%;\" data-ratio=\"10:3\" data-interval=\"7000\" data-speed=\"600\" data-effect=\"slide\" data-pagination=\"bullets\" data-direction=\"horizontal\" data-slides-per-view=\"5\" data-slides-space=\"15\" data-slides-parallax=\"0\" data-slides-centered=\"0\" data-slides-overflow=\"0\" data-mouse-wheel=\"0\" data-autoplay=\"1\" data-loop=\"1\" data-free-mode=\"0\" data-slides-min-width=\"220\" data-slides-per-view-breakpoints=\"{&quot;999999&quot;:5}\" data-slides-space-breakpoints=\"{&quot;999999&quot;:&quot;15&quot;}\"><div class=\"slider-wrapper swiper-wrapper\"><div  class=\"slider-slide swiper-slide\" data-image=\"\/\/pooltech.az\/wp-content\/uploads\/2025\/09\/astralpool-logo-png_seeklogo-176086.png\" style=\"\"><img decoding=\"async\" src=\"\/\/pooltech.az\/wp-content\/uploads\/2025\/09\/astralpool-logo-png_seeklogo-176086.png\" alt=\"\"><a href=\"#\" class=\"slide_link\"><\/a><\/div><div  class=\"slider-slide swiper-slide\" data-image=\"\/\/pooltech.az\/wp-content\/uploads\/2025\/09\/logo-betas\u0327.png\" style=\"\"><img decoding=\"async\" src=\"\/\/pooltech.az\/wp-content\/uploads\/2025\/09\/logo-betas\u0327.png\" alt=\"\"><a href=\"#\" class=\"slide_link\"><\/a><\/div><div  class=\"slider-slide swiper-slide\" data-image=\"\/\/pooltech.az\/wp-content\/uploads\/2025\/09\/mayor-ceramica-dark-logo.png.webp\" style=\"\"><img decoding=\"async\" src=\"\/\/pooltech.az\/wp-content\/uploads\/2025\/09\/mayor-ceramica-dark-logo.png.webp\" alt=\"\"><a href=\"#\" class=\"slide_link\"><\/a><\/div><div  class=\"slider-slide swiper-slide\" data-image=\"\/\/pooltech.az\/wp-content\/uploads\/2025\/09\/Nurpool-Logo.png\" style=\"\"><img decoding=\"async\" src=\"\/\/pooltech.az\/wp-content\/uploads\/2025\/09\/Nurpool-Logo.png\" alt=\"\"><a href=\"#\" class=\"slide_link\"><\/a><\/div><div  class=\"slider-slide swiper-slide\" data-image=\"\/\/pooltech.az\/wp-content\/uploads\/2025\/09\/pimtaslogo-1.png\" style=\"\"><img decoding=\"async\" src=\"\/\/pooltech.az\/wp-content\/uploads\/2025\/09\/pimtaslogo-1.png\" alt=\"\"><a href=\"#\" class=\"slide_link\"><\/a><\/div><\/div><\/div><\/div>\t\t\t<\/div>\n\t\t\t<\/aside><\/div>\t\t\t\t<\/div>\n\t\t\t\t<\/div>\n\t\t\t\t<div class=\"elementor-element elementor-element-c6daf59 sc_height_medium sc_fly_static elementor-widget elementor-widget-spacer\" data-id=\"c6daf59\" data-element_type=\"widget\" data-widget_type=\"spacer.default\">\n\t\t\t\t<div class=\"elementor-widget-container\">\n\t\t\t\t\t\t\t<div class=\"elementor-spacer\">\n\t\t\t<div class=\"elementor-spacer-inner\"><\/div>\n\t\t<\/div>\n\t\t\t\t\t\t<\/div>\n\t\t\t\t<\/div>\n\t\t\t\t\t<\/div>\n\t\t<\/div>\n\t\t\t\t\t<\/div>\n\t\t<\/section>\n\t\t\t\t<\/div>","protected":false},"excerpt":{"rendered":"<p>2017-ci ild\u0259n f\u0259aliyy\u0259t g\u00f6st\u0259r\u0259n \u201cPooltech\u201d MMC, Az\u0259rbaycanda hovuz v\u0259 SPA m\u00fch\u0259ndisliyi \u00fczr\u0259 ixtisasla\u015fm\u0131\u015f apar\u0131c\u0131 \u015firk\u0259tl\u0259rd\u0259n&hellip;<\/p>","protected":false},"author":1,"featured_media":0,"parent":0,"menu_order":0,"comment_status":"closed","ping_status":"closed","template":"","meta":{"footnotes":""},"class_list":["post-17807","page","type-page","status-publish","hentry"],"_links":{"self":[{"href":"https:\/\/pooltech.az\/az\/wp-json\/wp\/v2\/pages\/17807","targetHints":{"allow":["GET"]}}],"collection":[{"href":"https:\/\/pooltech.az\/az\/wp-json\/wp\/v2\/pages"}],"about":[{"href":"https:\/\/pooltech.az\/az\/wp-json\/wp\/v2\/types\/page"}],"author":[{"embeddable":true,"href":"https:\/\/pooltech.az\/az\/wp-json\/wp\/v2\/users\/1"}],"replies":[{"embeddable":true,"href":"https:\/\/pooltech.az\/az\/wp-json\/wp\/v2\/comments?post=17807"}],"version-history":[{"count":293,"href":"https:\/\/pooltech.az\/az\/wp-json\/wp\/v2\/pages\/17807\/revisions"}],"predecessor-version":[{"id":31802,"href":"https:\/\/pooltech.az\/az\/wp-json\/wp\/v2\/pages\/17807\/revisions\/31802"}],"wp:attachment":[{"href":"https:\/\/pooltech.az\/az\/wp-json\/wp\/v2\/media?parent=17807"}],"curies":[{"name":"wp","href":"https:\/\/api.w.org\/{rel}","templated":true}]}}